{"id":11239,"date":"2024-09-18T10:56:21","date_gmt":"2024-09-18T08:56:21","guid":{"rendered":"https:\/\/www.karlpichler.it\/?page_id=11239"},"modified":"2024-09-18T11:00:04","modified_gmt":"2024-09-18T09:00:04","slug":"video-egger","status":"publish","type":"page","link":"https:\/\/www.karlpichler.it\/it\/video-egger\/","title":{"rendered":"Presentazione digitale della nuova Collezione Decori 24+"},"content":{"rendered":"<p>[vc_row][vc_column][vc_column_text]<strong>Tour virtuale attraverso la nuova collezione<\/strong><\/p>\n<p>Nel video della nuova collezione, il nostro product manager e consulente per architetti Wolfgang Rauh insieme a Dominik K\u00e4stner del gruppo EGGER, presenta i highlight e le principali novit\u00e0. Durante il tour virtuale, avrete anche l&#8217;opportunit\u00e0 di conoscere servizi digitali che vi supporteranno nel lavoro con la collezione. Inoltre, scoprirete informazioni interessanti sui trend e i decori, nonch\u00e9 sulla strategia di sostenibilit\u00e0 di EGGER.<\/p>\n<p>&nbsp;<\/p>\n<p style=\"text-align: left;\"><iframe loading=\"lazy\" title=\"Egger\" src=\"https:\/\/www.youtube.com\/embed\/ZgGb_srNJZs\" width=\"900\" height=\"500\" frameborder=\"0\" allowfullscreen=\"allowfullscreen\"><\/iframe><\/p>\n<p>[\/vc_column_text][\/vc_column][\/vc_row][vc_row][vc_column]<div class=\"reading-box animations-on \" data-delay=\"\"><div class=\"row\"><div class=\"col-md-9\"><h2 class=\"light\">EGGER Collezione Decori 24+<\/h2><p><\/p><\/div><div class=\"col-md-3\"><a href=\"https:\/\/www.karlpichler.it\/it\/2024\/03\/14\/egger-kollektion-dekorativ-24\/\" class=\"btn btn-default\">Ulteriori informazioni<\/a><\/div><\/div><\/div>[\/vc_column][\/vc_row]<\/p>\n","protected":false},"excerpt":{"rendered":"<p>[vc_row][vc_column][vc_column_text]Tour virtuale attraverso la nuova collezione Nel video della nuova collezione, il nostro product manager e consulente per architetti Wolfgang Rauh insieme a Dominik K\u00e4stner del gruppo EGGER, presenta i highlight e le principali novit\u00e0. Durante il tour virtuale, avrete anche l&#8217;opportunit\u00e0 di conoscere servizi&hellip;<\/p>\n","protected":false},"author":4,"featured_media":0,"parent":0,"menu_order":0,"comment_status":"closed","ping_status":"closed","template":"","meta":{"_acf_changed":false,"footnotes":""},"class_list":["post-11239","page","type-page","status-publish","hentry"],"acf":[],"_links":{"self":[{"href":"https:\/\/www.karlpichler.it\/it\/wp-json\/wp\/v2\/pages\/11239","targetHints":{"allow":["GET"]}}],"collection":[{"href":"https:\/\/www.karlpichler.it\/it\/wp-json\/wp\/v2\/pages"}],"about":[{"href":"https:\/\/www.karlpichler.it\/it\/wp-json\/wp\/v2\/types\/page"}],"author":[{"embeddable":true,"href":"https:\/\/www.karlpichler.it\/it\/wp-json\/wp\/v2\/users\/4"}],"replies":[{"embeddable":true,"href":"https:\/\/www.karlpichler.it\/it\/wp-json\/wp\/v2\/comments?post=11239"}],"version-history":[{"count":8,"href":"https:\/\/www.karlpichler.it\/it\/wp-json\/wp\/v2\/pages\/11239\/revisions"}],"predecessor-version":[{"id":11250,"href":"https:\/\/www.karlpichler.it\/it\/wp-json\/wp\/v2\/pages\/11239\/revisions\/11250"}],"wp:attachment":[{"href":"https:\/\/www.karlpichler.it\/it\/wp-json\/wp\/v2\/media?parent=11239"}],"curies":[{"name":"wp","href":"https:\/\/api.w.org\/{rel}","templated":true}]}}