{"id":5311,"date":"2017-12-07T09:49:28","date_gmt":"2017-12-07T08:49:28","guid":{"rendered":"http:\/\/www.karlpichler.it\/?page_id=5311"},"modified":"2018-01-29T10:50:15","modified_gmt":"2018-01-29T09:50:15","slug":"protezione-dei-dati-personali","status":"publish","type":"page","link":"https:\/\/www.karlpichler.it\/it\/protezione-dei-dati-personali\/","title":{"rendered":"Protezione dei dati personali"},"content":{"rendered":"<p>Ai sensi dell&#8217;articolo 13 del D.lgs n.196\/2003, Le\/Vi forniamo le seguenti informazioni:<\/p>\n<p>I dati personali da Lei\/Voi forniti o acquisiti nell&#8217;ambito della nostra attivit\u00e0 saranno oggetto di trattamento improntato ai principi di correttezza, liceit\u00e0, trasparenza e di tutela della Sua\/Vostra riservatezza e dei Suoi\/Vostri diritti.<\/p>\n<p>Il trattamento di tali dati personali sar\u00e0 finalizzato agli adempimenti degli obblighi di legge, contrattuali o derivanti da incarico conferito dall&#8217;interessato.<\/p>\n<p>Il trattamento pu\u00f2 essere effettuato anche con l&#8217;ausilio di strumenti elettronici con modalit\u00e0 idonee a garantire la sicurezza e riservatezza dei dati.<\/p>\n<p>Il conferimento dei dati \u00e8 facoltativo, tuttavia l&#8217;eventuale rifiuto a fornirci, in tutto o in parte, i Suoi\/Vostri dati personali o l&#8217;autorizzazione al trattamento potrebbe comportare la mancata o parziale esecuzione del contratto ovvero la mancata esecuzione dell&#8217;incarico.<\/p>\n<p>I dati potranno essere comunicati, esclusivamente per le finalit\u00e0 sopra indicate, a soggetti determinati tra i quali consulenti legali o fiscali, istituti bancari e ditte di trasporto, al fine di adempiere agli obblighi di cui sopra. I dati potrebbero venire a conoscenza occasionalmente anche di societ\u00e0 a noi collegate, controllanti o controllate, nei limiti delle finalit\u00e0 sopra indicate o per motivi di organizzazione interna. Altri soggetti potrebbero venire a conoscenza dei dati in qualit\u00e0 di responsabili o incaricati del trattamento. In nessun caso i dati personali trattati saranno oggetto di diffusione.<\/p>\n<p>Anche dati personali classificati come sensibili ossia i dati idonei a rivelare l&#8217;origine razziale ed etnica, le convinzioni religiose, filosofiche o altro in genere, le opinioni politiche, l&#8217;adesione a partiti, sindacati, associazioni od organizzazioni a carattere religioso, filosofico, politico o sindacale, nonch\u00e9 i dati personali idonei a rivelare lo stato di salute e la vita sessuale, possono essere oggetto di trattamento con il consenso scritto dell&#8217;interessato (ove previsto) e previa autorizzazione del Garante per la protezione dei dati personali (articolo 26 del D.lgs n.196\/2003), secondo le modalit\u00e0 e per le finalit\u00e0 sopra indicate.<\/p>\n<p>Il titolare del trattamento dei dati personali \u00e8 Karl Pichler Spa, via Weingartner 10\/A Lagundo &#8211; ITALIA &#8211; tel. +39 0473 204800. Il responsabile del trattamento dei dati personali \u00e8 la Sig.ra Renate Pichler.<\/p>\n<p>E&#8217; possibile conoscere una versione aggiornata di questo documento e l&#8217;elenco aggiornato dei responsabili del trattamento, rivolgendosi direttamente al titolare<\/p>\n<p>Al titolare del trattamento o al responsabile Lei\/Voi potr\u00e0 rivolgersi per far valere i Suoi diritti, cos\u00ec come previsto dall&#8217;articolo 7 del D.lgs n.196\/2003, che per Sua\/Vostra comodit\u00e0 riproduciamo integralmente:<\/p>\n<p>Art. 7 Diritto di accesso ai dati personali ed altri diritti<\/p>\n<p>1. L&#8217;interessato ha diritto di ottenere la conferma dell&#8217;esistenza o meno di dati personali che lo riguardano, anche se non ancora registrati, e la loro comunicazione in forma intelligibile.<\/p>\n<p>2. L&#8217;interessato ha diritto di ottenere l&#8217;indicazione:<\/p>\n<p>a) dell&#8217;origine dei dati personali;<\/p>\n<p>b) delle finalit\u00e0 e modalit\u00e0 del trattamento;<\/p>\n<p>c) della logica applicata in caso di trattamento effettuato con l&#8217;ausilio di strumenti elettronici;<\/p>\n<p>d) degli estremi identificativi del titolare, dei responsabili e del rappresentante designato ai sensi dell&#8217;articolo 5, comma 2;<\/p>\n<p>e) dei soggetti o delle categorie di soggetti ai quali i dati personali possono essere comunicati o che possono venirne a conoscenza in qualit\u00e0 di rappresentante designato nel territorio dello Stato, di responsabili o incaricati.<\/p>\n<p>3. L&#8217;interessato ha diritto di ottenere:<\/p>\n<p>a) l&#8217;aggiornamento, la rettificazione ovvero, quando vi ha interesse, l&#8217;integrazione dei dati;<\/p>\n<p>b) la cancellazione, la trasformazione in forma anonima o il blocco dei dati trattati in violazione di legge, compresi quelli di cui non e&#8217; necessaria la conservazione in relazione agli scopi per i quali i dati sono stati raccolti o successivamente trattati;<\/p>\n<p>c) l&#8217;attestazione che le operazioni di cui alle lettere a) e b) sono state portate a conoscenza, anche per quanto riguarda il loro contenuto, di coloro ai quali i dati sono stati comunicati o diffusi, eccettuato il caso in cui tale adempimento si rivela impossibile o comporta un impiego di mezzi manifestamente sproporzionato rispetto al diritto tutelato.<\/p>\n<p>4. L&#8217;interessato ha diritto di opporsi, in tutto o in parte:<\/p>\n<p>a) per motivi legittimi al trattamento dei dati personali che lo riguardano, ancorch\u00e8 pertinenti allo scopo della raccolta;<\/p>\n<p>b) al trattamento di dati personali che lo riguardano a fini di invio di materiale pubblicitario o di vendita diretta o per il compimento di ricerche di mercato o di comunicazione commerciale.<\/p>\n<p>&nbsp;<\/p>\n<p><strong>Newsletter<\/strong><\/p>\n<p>Per l&#8217;abbonamento alla newsletter abbiamo bisogno di un indirizzo di posta elettronica e di ulteriori informazioni per poter verificare la propriet\u00e0 dell&#8217;indirizzo email specificato, per la conferma della sottoscrizione e per il consenso alla ricezione della newsletter.<\/p>\n<p>Per assicurarci che sia stato espresso il consenso a ricevere la newsletter, utilizziamo il cosiddetto procedimento double opt in attraverso il quale il possibile destinatario viene inserito in una lista di distribuzione con conseguente invio di un&#8217;email per la conferma a norma di legge alla ricezione della newsletter. L&#8217;indirizzo viene attivato esclusivamente dopo aver ricevuto la conferma.<\/p>\n<p>I dati saranno usati esclusivamente per l&#8217;invio delle informazioni richieste e di eventuali offerte.<\/p>\n<p>Il programma di newsletter utilizzato \u00e8 Newsletter2Go. I dati inseriti saranno trasferiti all&#8217;azienda Newsletter2Go GmbH. Newsletter2Go non \u00e8 autorizzato a vendere i dati raccolti o utilizzarli per finalit\u00e0 diverse dall&#8217;invio di newsletter. Newsletter2Go \u00e8 un&#8217;azienda certificata con sede in Germania e che opera nel rispetto della normativa tedesca e europea in materia di protezione dei dati.<\/p>\n<p>Clicca qui per maggiori informazioni: https:\/\/www.newsletter2go.it\/informazioni-per-i-sottoscrittori-newsletter\/<\/p>\n<p>Cliccando sul link per la cancellazione presente nella newsletter puoi revocare il consenso per l&#8217;archiviazione dei dati e dell&#8217;indirizzo email forniti e per il loro utilizzo ai fini dell&#8217;invio delle newsletter.<\/p>\n<p>Le nostre misure per la tutela della privacy si rinnovano costantemente, vi preghiamo pertanto di informarvi regolarmente riguardo le misure intraprese consultando la pagina relativa alla protezione dei dati personali.<\/p>\n","protected":false},"excerpt":{"rendered":"<p>Ai sensi dell&#8217;articolo 13 del D.lgs n.196\/2003, Le\/Vi forniamo le seguenti informazioni: I dati personali da Lei\/Voi forniti o acquisiti nell&#8217;ambito della nostra attivit\u00e0 saranno oggetto di trattamento improntato ai principi di correttezza, liceit\u00e0, trasparenza e di tutela della Sua\/Vostra riservatezza e dei Suoi\/Vostri diritti.&hellip;<\/p>\n","protected":false},"author":1,"featured_media":0,"parent":0,"menu_order":0,"comment_status":"closed","ping_status":"closed","template":"","meta":{"_acf_changed":false,"footnotes":""},"class_list":["post-5311","page","type-page","status-publish","hentry"],"acf":[],"_links":{"self":[{"href":"https:\/\/www.karlpichler.it\/it\/wp-json\/wp\/v2\/pages\/5311","targetHints":{"allow":["GET"]}}],"collection":[{"href":"https:\/\/www.karlpichler.it\/it\/wp-json\/wp\/v2\/pages"}],"about":[{"href":"https:\/\/www.karlpichler.it\/it\/wp-json\/wp\/v2\/types\/page"}],"author":[{"embeddable":true,"href":"https:\/\/www.karlpichler.it\/it\/wp-json\/wp\/v2\/users\/1"}],"replies":[{"embeddable":true,"href":"https:\/\/www.karlpichler.it\/it\/wp-json\/wp\/v2\/comments?post=5311"}],"version-history":[{"count":3,"href":"https:\/\/www.karlpichler.it\/it\/wp-json\/wp\/v2\/pages\/5311\/revisions"}],"predecessor-version":[{"id":5483,"href":"https:\/\/www.karlpichler.it\/it\/wp-json\/wp\/v2\/pages\/5311\/revisions\/5483"}],"wp:attachment":[{"href":"https:\/\/www.karlpichler.it\/it\/wp-json\/wp\/v2\/media?parent=5311"}],"curies":[{"name":"wp","href":"https:\/\/api.w.org\/{rel}","templated":true}]}}